{"id":14,"date":"2017-01-12T18:26:53","date_gmt":"2017-01-12T17:26:53","guid":{"rendered":"http:\/\/isb.kwaaidevelop4.nl\/?page_id=14"},"modified":"2024-03-11T16:28:59","modified_gmt":"2024-03-11T15:28:59","slug":"firmenprofil","status":"publish","type":"page","link":"https:\/\/www.interstreambarging.com\/de\/firmenprofil\/","title":{"rendered":"Firmenprofil"},"content":{"rendered":"<div id='av_section_1'  class='avia-section av-dmxba-af3e72de796300dd2ba72118729888be main_color avia-section-default avia-no-shadow  avia-builder-el-0  el_before_av_section  avia-builder-el-first  avia-bg-style-scroll container_wrap fullsize'  ><div class='container av-section-cont-open' ><main  role=\"main\" itemprop=\"mainContentOfPage\"  class='template-page content  av-content-full alpha units'><div class='post-entry post-entry-type-page post-entry-14'><div class='entry-content-wrapper clearfix'>\n\n<style type=\"text\/css\" data-created_by=\"avia_inline_auto\" id=\"style-css-av-cp84a-12e4cc3d6b858962e74b288a1d9439ae\">\n.flex_column.av-cp84a-12e4cc3d6b858962e74b288a1d9439ae{\nborder-radius:0px 0px 0px 0px;\npadding:0px 0px 0px 0px;\n}\n<\/style>\n<div  class='flex_column av-cp84a-12e4cc3d6b858962e74b288a1d9439ae av_one_half  avia-builder-el-1  el_before_av_one_half  avia-builder-el-first  first flex_column_div av-zero-column-padding  '     ><section  class='av_textblock_section av-c1nfi-3cd164cb78974c8f836b2b15ab2d72e6 '   itemscope=\"itemscope\" itemtype=\"https:\/\/schema.org\/CreativeWork\" ><div class='avia_textblock'  itemprop=\"text\" ><h3><span style=\"color: #006650\"><strong>\u00dcBER INTERSTREAM BARGING<\/strong><\/span><\/h3>\n<p>Interstream Barging ist einer der gr\u00f6\u00dften Befrachter in der Binnenschifffahrt in Europa. Mit unserer moderne Flotte \u00fcbernehmen wir den sicheren und nachhaltigen Transport von fl\u00fcssigen Chemikalien, Mineral\u00f6l und Vegoil.<br \/>\nInterstream Barging verf\u00fcgt \u00fcber Niederlassungen in den Niederlanden, in Deutschland, in Luxemburg und in der Schweiz. Als Befrachter in der Binnenschifffahrt sind wir auf Europa ausgerichtet. In dieser Region sind wir bez\u00fcglich der transportierten Tonnage mit einer Gesamtladekapazit\u00e4t von ca. 365.000 Tonnen der Marktf\u00fchrer. Unsere Dienstleistung funktioniert zweiseitig:<\/p>\n<\/div><\/section><\/div>\n<style type=\"text\/css\" data-created_by=\"avia_inline_auto\" id=\"style-css-av-15tsq-a225e3c750fda5a63bd4ac81e542773f\">\n.flex_column.av-15tsq-a225e3c750fda5a63bd4ac81e542773f{\nborder-radius:0px 0px 0px 0px;\npadding:0px 0px 0px 0px;\n}\n<\/style>\n<div  class='flex_column av-15tsq-a225e3c750fda5a63bd4ac81e542773f av_one_half  avia-builder-el-3  el_after_av_one_half  avia-builder-el-last  flex_column_div av-zero-column-padding  '     ><style type=\"text\/css\" data-created_by=\"avia_inline_auto\" id=\"style-css-av-awlf6-c6cd5677ba77ef15bc8b3b401f0a4b90\">\n.avia-image-container.av-awlf6-c6cd5677ba77ef15bc8b3b401f0a4b90 img.avia_image{\nbox-shadow:none;\n}\n.avia-image-container.av-awlf6-c6cd5677ba77ef15bc8b3b401f0a4b90 .av-image-caption-overlay-center{\ncolor:#ffffff;\n}\n<\/style>\n<div  class='avia-image-container av-awlf6-c6cd5677ba77ef15bc8b3b401f0a4b90 av-styling- avia-align-center  avia-builder-el-4  avia-builder-el-no-sibling '   itemprop=\"image\" itemscope=\"itemscope\" itemtype=\"https:\/\/schema.org\/ImageObject\" ><div class=\"avia-image-container-inner\"><div class=\"avia-image-overlay-wrap\"><img decoding=\"async\" fetchpriority=\"high\" class='wp-image-1262 avia-img-lazy-loading-not-1262 avia_image ' src=\"https:\/\/www.interstreambarging.com\/de\/wp-content\/uploads\/sites\/2\/2017\/09\/Bergse-Diep-homepage-300x200.jpg\" alt='' title='DCIM100MEDIADJI_0096.JPG'  height=\"200\" width=\"300\"  itemprop=\"thumbnailUrl\"  \/><\/div><\/div><\/div><\/div><\/div><\/div><\/main><!-- close content main element --><\/div><\/div>\n<style type=\"text\/css\" data-created_by=\"avia_inline_auto\" id=\"style-css-av-aojj2-ed1c281bd9f768782b9e570e41ff6ea9\">\n.avia-section.av-aojj2-ed1c281bd9f768782b9e570e41ff6ea9{\nbackground-color:#ededed;\nbackground-image:unset;\n}\n<\/style>\n<div id='av_section_2'  class='avia-section av-aojj2-ed1c281bd9f768782b9e570e41ff6ea9 main_color avia-section-default avia-no-shadow  avia-builder-el-5  el_after_av_section  el_before_av_section  avia-bg-style-scroll container_wrap fullsize'  ><div class='container av-section-cont-open' ><div class='template-page content  av-content-full alpha units'><div class='post-entry post-entry-type-page post-entry-14'><div class='entry-content-wrapper clearfix'>\n\n<style type=\"text\/css\" data-created_by=\"avia_inline_auto\" id=\"style-css-av-9u7pi-a8e7143c62ec278c11850db3bee10c8f\">\n.flex_column.av-9u7pi-a8e7143c62ec278c11850db3bee10c8f{\nborder-radius:0px 0px 0px 0px;\npadding:0px 0px 0px 0px;\n}\n<\/style>\n<div  class='flex_column av-9u7pi-a8e7143c62ec278c11850db3bee10c8f av_one_half  avia-builder-el-6  el_before_av_one_half  avia-builder-el-first  first flex_column_div av-zero-column-padding  '     ><style type=\"text\/css\" data-created_by=\"avia_inline_auto\" id=\"style-css-av-9i8dq-c420f0f08f65551561bef71a13bcc2df\">\n.avia-image-container.av-9i8dq-c420f0f08f65551561bef71a13bcc2df img.avia_image{\nbox-shadow:none;\n}\n.avia-image-container.av-9i8dq-c420f0f08f65551561bef71a13bcc2df .av-image-caption-overlay-center{\ncolor:#ffffff;\n}\n<\/style>\n<div  class='avia-image-container av-9i8dq-c420f0f08f65551561bef71a13bcc2df av-styling- avia-align-center  avia-builder-el-7  avia-builder-el-no-sibling '   itemprop=\"image\" itemscope=\"itemscope\" itemtype=\"https:\/\/schema.org\/ImageObject\" ><div class=\"avia-image-container-inner\"><div class=\"avia-image-overlay-wrap\"><img decoding=\"async\" fetchpriority=\"high\" class='wp-image-1129 avia-img-lazy-loading-not-1129 avia_image ' src=\"https:\/\/www.interstreambarging.com\/de\/wp-content\/uploads\/sites\/2\/2017\/01\/Lorentz-2-300x169.jpg\" alt='' title='DCIM100MEDIADJI_0022.JPG'  height=\"169\" width=\"300\"  itemprop=\"thumbnailUrl\" srcset=\"https:\/\/www.interstreambarging.com\/de\/wp-content\/uploads\/sites\/2\/2017\/01\/Lorentz-2-300x169.jpg 300w, https:\/\/www.interstreambarging.com\/de\/wp-content\/uploads\/sites\/2\/2017\/01\/Lorentz-2-768x432.jpg 768w, https:\/\/www.interstreambarging.com\/de\/wp-content\/uploads\/sites\/2\/2017\/01\/Lorentz-2-1024x576.jpg 1024w\" sizes=\"(max-width: 300px) 100vw, 300px\" \/><\/div><\/div><\/div><\/div>\n<style type=\"text\/css\" data-created_by=\"avia_inline_auto\" id=\"style-css-av-8g532-8ac65a1bd2057e19cdec540d549f085c\">\n.flex_column.av-8g532-8ac65a1bd2057e19cdec540d549f085c{\nborder-radius:0px 0px 0px 0px;\npadding:0px 0px 0px 0px;\n}\n<\/style>\n<div  class='flex_column av-8g532-8ac65a1bd2057e19cdec540d549f085c av_one_half  avia-builder-el-8  el_after_av_one_half  el_before_av_one_half  flex_column_div av-zero-column-padding  '     ><section  class='av_textblock_section av-7u7qe-a1d364574d21909829c3d5d3b1d6630e '   itemscope=\"itemscope\" itemtype=\"https:\/\/schema.org\/CreativeWork\" ><div class='avia_textblock'  itemprop=\"text\" ><h3><span style=\"color: #006650\"><strong>Sichere Entscheidung f\u00fcr Verlader<\/strong><\/span><\/h3>\n<p>Verlader entscheiden sich aufgrund unserer umfangreichen Erfahrungen beim Befrachten von Tankschiffen, ausgehend von der Sicherheit f\u00fcr Mensch und Umwelt, f\u00fcr uns. Au\u00dferdem verf\u00fcgen wir \u00fcber eine vielf\u00e4ltige Flotte, sodass wir f\u00fcr jede Ladung eine geeignete L\u00f6sung anbieten k\u00f6nnen. Wir streben eine st\u00e4ndige Verbesserung unserer Dienstleistung an, unter anderem im IT-Bereich. Die Produkte unserer Kunden sind bei uns in sicheren H\u00e4nden.<\/p>\n<\/div><\/section><\/div>\n<style type=\"text\/css\" data-created_by=\"avia_inline_auto\" id=\"style-css-av-7ed7i-3bb72ebc0404e24765bde15379a8649c\">\n.flex_column.av-7ed7i-3bb72ebc0404e24765bde15379a8649c{\nborder-radius:0px 0px 0px 0px;\npadding:0px 0px 0px 0px;\n}\n<\/style>\n<div  class='flex_column av-7ed7i-3bb72ebc0404e24765bde15379a8649c av_one_half  avia-builder-el-10  el_after_av_one_half  el_before_av_one_half  first flex_column_div av-zero-column-padding  column-top-margin'     ><style type=\"text\/css\" data-created_by=\"avia_inline_auto\" id=\"style-css-av-6sbm2-7642fc2ff21bb79997c7babfcdb86455\">\n.avia-image-container.av-6sbm2-7642fc2ff21bb79997c7babfcdb86455 img.avia_image{\nbox-shadow:none;\n}\n.avia-image-container.av-6sbm2-7642fc2ff21bb79997c7babfcdb86455 .av-image-caption-overlay-center{\ncolor:#ffffff;\n}\n<\/style>\n<div  class='avia-image-container av-6sbm2-7642fc2ff21bb79997c7babfcdb86455 av-styling- avia-align-center  avia-builder-el-11  avia-builder-el-no-sibling '   itemprop=\"image\" itemscope=\"itemscope\" itemtype=\"https:\/\/schema.org\/ImageObject\" ><div class=\"avia-image-container-inner\"><div class=\"avia-image-overlay-wrap\"><img decoding=\"async\" fetchpriority=\"high\" class='wp-image-1130 avia-img-lazy-loading-not-1130 avia_image ' src=\"https:\/\/www.interstreambarging.com\/de\/wp-content\/uploads\/sites\/2\/2017\/01\/grevelingenbergsediep10-homepage-over-ISB-300x225.jpg\" alt='' title='grevelingenbergsediep10 homepage over ISB'  height=\"225\" width=\"300\"  itemprop=\"thumbnailUrl\" srcset=\"https:\/\/www.interstreambarging.com\/de\/wp-content\/uploads\/sites\/2\/2017\/01\/grevelingenbergsediep10-homepage-over-ISB-300x225.jpg 300w, https:\/\/www.interstreambarging.com\/de\/wp-content\/uploads\/sites\/2\/2017\/01\/grevelingenbergsediep10-homepage-over-ISB-768x576.jpg 768w, https:\/\/www.interstreambarging.com\/de\/wp-content\/uploads\/sites\/2\/2017\/01\/grevelingenbergsediep10-homepage-over-ISB-1024x768.jpg 1024w, https:\/\/www.interstreambarging.com\/de\/wp-content\/uploads\/sites\/2\/2017\/01\/grevelingenbergsediep10-homepage-over-ISB.jpg 1600w\" sizes=\"(max-width: 300px) 100vw, 300px\" \/><\/div><\/div><\/div><\/div>\n<style type=\"text\/css\" data-created_by=\"avia_inline_auto\" id=\"style-css-av-6hxui-d734454aa7bdf57c49ac28c0890fd286\">\n.flex_column.av-6hxui-d734454aa7bdf57c49ac28c0890fd286{\nborder-radius:0px 0px 0px 0px;\npadding:0px 0px 0px 0px;\n}\n<\/style>\n<div  class='flex_column av-6hxui-d734454aa7bdf57c49ac28c0890fd286 av_one_half  avia-builder-el-12  el_after_av_one_half  avia-builder-el-last  flex_column_div av-zero-column-padding  column-top-margin'     ><section  class='av_textblock_section av-5hlo2-41b4b1bf183ee4177c95c9ae7dd26b12 '   itemscope=\"itemscope\" itemtype=\"https:\/\/schema.org\/CreativeWork\" ><div class='avia_textblock'  itemprop=\"text\" ><h3><strong><span style=\"color: #006650\">Handelspartner f\u00fcr Schiffseigner<\/span><\/strong><\/h3>\n<p>F\u00fcr private Marktteilnehmer vertreten wir die kaufm\u00e4nnischen Interessen in einem stark schwankenden und dynamischen Markt. Dabei besteht kein Unterschied zwischen Schiffsgr\u00f6\u00dfen oder -typen. Interstream Barging besch\u00e4ftigt sich st\u00e4ndig damit, dass das Ladungsangebot und die Schiffsgr\u00f6\u00dfe gut aufeinander abgestimmt sind.<\/p>\n<\/div><\/section><\/div>\n<\/p>\n<\/div><\/div><\/div><!-- close content main div --><\/div><\/div><div id='av_section_3'  class='avia-section av-5276y-4a929e2ec6194b2422ad923d6925247e main_color avia-section-default avia-no-shadow  avia-builder-el-14  el_after_av_section  avia-builder-el-last  avia-bg-style-scroll container_wrap fullsize'  ><div class='container av-section-cont-open' ><div class='template-page content  av-content-full alpha units'><div class='post-entry post-entry-type-page post-entry-14'><div class='entry-content-wrapper clearfix'>\n<section  class='av_textblock_section av-4kedi-eec2ee915b38fe21ffa0c50cd4937e3a '   itemscope=\"itemscope\" itemtype=\"https:\/\/schema.org\/CreativeWork\" ><div class='avia_textblock'  itemprop=\"text\" ><h3><strong><span style=\"color: #006650\">BUSINESS UNITS<\/span><\/strong><\/h3>\n<\/div><\/section>\n\n<style type=\"text\/css\" data-created_by=\"avia_inline_auto\" id=\"style-css-av-3rarm-ad1689ca59cf72ba7ac00e5bdc7824f5\">\n.flex_column.av-3rarm-ad1689ca59cf72ba7ac00e5bdc7824f5{\nborder-radius:0px 0px 0px 0px;\npadding:0px 0px 0px 0px;\n}\n<\/style>\n<div  class='flex_column av-3rarm-ad1689ca59cf72ba7ac00e5bdc7824f5 av_one_third  avia-builder-el-16  el_after_av_textblock  el_before_av_one_third  first flex_column_div av-zero-column-padding  column-top-margin'     ><section  class='av_textblock_section av-35nty-75fbae9fa997ff1c80bf09f88c293f4d '   itemscope=\"itemscope\" itemtype=\"https:\/\/schema.org\/CreativeWork\" ><div class='avia_textblock'  itemprop=\"text\" ><h3 style=\"text-align: left\"><strong><span style=\"color: #006650\">CPP: Clean Petroleum Products<\/span><\/strong><\/h3>\n<p>CPP befrachtet \u00fcber unsere Niederlassungen in Geertruidenberg, Duisburg und Luxembourg. Das Team besteht aus 14 Mitarbeitern und ist erfahren, begeisterungsf\u00e4hig und gut aufeinander abgestimmt. Es konzentriert sich dabei auf die Kunden und die Schiffseigner. Alle W\u00fcnsche und Anforderungen werden, soweit m\u00f6glich, erf\u00fcllt. Sicherheit geht \u00fcber alles. Der Kunde und der Schiffseigner stehen dabei an erster Stelle.<\/p>\n<\/div><\/section><\/div>\n<style type=\"text\/css\" data-created_by=\"avia_inline_auto\" id=\"style-css-av-2i2u2-9e028046139ee0844bb9774bcd80634b\">\n.flex_column.av-2i2u2-9e028046139ee0844bb9774bcd80634b{\nborder-radius:0px 0px 0px 0px;\npadding:0px 0px 0px 0px;\n}\n<\/style>\n<div  class='flex_column av-2i2u2-9e028046139ee0844bb9774bcd80634b av_one_third  avia-builder-el-18  el_after_av_one_third  el_before_av_one_third  flex_column_div av-zero-column-padding  column-top-margin'     ><section  class='av_textblock_section av-1z1vq-b16645e2f873ad1c9ea579dab5875aa3 '   itemscope=\"itemscope\" itemtype=\"https:\/\/schema.org\/CreativeWork\" ><div class='avia_textblock'  itemprop=\"text\" ><h3 style=\"text-align: left\"><strong><span style=\"color: #006650\">C&amp;S: Chemicals &amp; Specialties<\/span><\/strong><\/h3>\n<p>Bei C&amp;S dreht sich alles um den sicheren und effizienten Transport von fl\u00fcssigen Chemieprodukten. Mit unserer fortschrittlichen Chemieflotte aus beschichteten und rostfreien Stahltankern (in verschiedenen Gr\u00f6\u00dfen) sind wir in der Lage, l\u00f6sungsorientierte Transportdienstleistungen anzubieten. Die Kunden k\u00f6nnen sich au\u00dferdem auf die Marktkenntnisse, Expertise und den pers\u00f6nlichen Service unserer Mitarbeiter in Geertruidenberg, Mannheim und Luxembourg verlassen.<\/p>\n<\/div><\/section><\/div>\n<style type=\"text\/css\" data-created_by=\"avia_inline_auto\" id=\"style-css-av-1lw6y-cbd06722d0828ecbb86ac410eb029977\">\n.flex_column.av-1lw6y-cbd06722d0828ecbb86ac410eb029977{\nborder-radius:0px 0px 0px 0px;\npadding:0px 0px 0px 0px;\n}\n<\/style>\n<div  class='flex_column av-1lw6y-cbd06722d0828ecbb86ac410eb029977 av_one_third  avia-builder-el-20  el_after_av_one_third  avia-builder-el-last  flex_column_div av-zero-column-padding  column-top-margin'     ><section  class='av_textblock_section av-su1u-dd2e37bb3082d202f6305c2602cb18af '   itemscope=\"itemscope\" itemtype=\"https:\/\/schema.org\/CreativeWork\" ><div class='avia_textblock'  itemprop=\"text\" ><h3 style=\"text-align: left\"><strong><span style=\"color: #006650\">Vegoil<\/span><\/strong><\/h3>\n<p>Vegoil verf\u00fcgt \u00fcber Niederlassungen in Geertruidenberg und Zug. Wir transportieren tropische \u00d6le und Fl\u00fcssig\u00f6le als Rohprodukte, Halbfabrikate oder Endprodukte (raffiniert). Wir transportieren au\u00dferdem fl\u00fcssige Rohstoffe, die f\u00fcr die Futtermittelindustrie bestimmt sind. \u201aLebensmittelsicherheit\u2018 steht bei uns an erster Stelle. Unsere Arbeitsprozesse sind auf die Anforderungen der Industrie, GMP +, Kosher, Halal und ISO ausgerichtet.<\/p>\n<\/div><\/section><\/div>\n\n","protected":false},"excerpt":{"rendered":"","protected":false},"author":1,"featured_media":0,"parent":0,"menu_order":0,"comment_status":"closed","ping_status":"closed","template":"","meta":{"_acf_changed":false,"footnotes":""},"class_list":["post-14","page","type-page","status-publish","hentry"],"yoast_head":"<!-- This site is optimized with the Yoast SEO plugin v27.5 - https:\/\/yoast.com\/product\/yoast-seo-wordpress\/ -->\n<title>Firmenprofil - Interstream Barging<\/title>\n<meta name=\"robots\" content=\"index, follow, max-snippet:-1, max-image-preview:large, max-video-preview:-1\" \/>\n<link rel=\"canonical\" href=\"https:\/\/www.interstreambarging.com\/de\/firmenprofil\/\" \/>\n<meta property=\"og:locale\" content=\"de_DE\" \/>\n<meta property=\"og:type\" content=\"article\" \/>\n<meta property=\"og:title\" content=\"Firmenprofil - Interstream Barging\" \/>\n<meta property=\"og:url\" content=\"https:\/\/www.interstreambarging.com\/de\/firmenprofil\/\" \/>\n<meta property=\"og:site_name\" content=\"Interstream Barging\" \/>\n<meta property=\"article:modified_time\" content=\"2024-03-11T15:28:59+00:00\" \/>\n<meta name=\"twitter:card\" content=\"summary_large_image\" \/>\n<meta name=\"twitter:label1\" content=\"Gesch\u00e4tzte Lesezeit\" \/>\n\t<meta name=\"twitter:data1\" content=\"3\u00a0Minuten\" \/>\n<script type=\"application\/ld+json\" class=\"yoast-schema-graph\">{\"@context\":\"https:\\\/\\\/schema.org\",\"@graph\":[{\"@type\":\"WebPage\",\"@id\":\"https:\\\/\\\/www.interstreambarging.com\\\/de\\\/firmenprofil\\\/\",\"url\":\"https:\\\/\\\/www.interstreambarging.com\\\/de\\\/firmenprofil\\\/\",\"name\":\"Firmenprofil - Interstream Barging\",\"isPartOf\":{\"@id\":\"https:\\\/\\\/www.interstreambarging.com\\\/de\\\/#website\"},\"datePublished\":\"2017-01-12T17:26:53+00:00\",\"dateModified\":\"2024-03-11T15:28:59+00:00\",\"breadcrumb\":{\"@id\":\"https:\\\/\\\/www.interstreambarging.com\\\/de\\\/firmenprofil\\\/#breadcrumb\"},\"inLanguage\":\"de\",\"potentialAction\":[{\"@type\":\"ReadAction\",\"target\":[\"https:\\\/\\\/www.interstreambarging.com\\\/de\\\/firmenprofil\\\/\"]}]},{\"@type\":\"BreadcrumbList\",\"@id\":\"https:\\\/\\\/www.interstreambarging.com\\\/de\\\/firmenprofil\\\/#breadcrumb\",\"itemListElement\":[{\"@type\":\"ListItem\",\"position\":1,\"name\":\"Home\",\"item\":\"https:\\\/\\\/www.interstreambarging.com\\\/de\\\/home\\\/\"},{\"@type\":\"ListItem\",\"position\":2,\"name\":\"Firmenprofil\"}]},{\"@type\":\"WebSite\",\"@id\":\"https:\\\/\\\/www.interstreambarging.com\\\/de\\\/#website\",\"url\":\"https:\\\/\\\/www.interstreambarging.com\\\/de\\\/\",\"name\":\"Interstream Barging\",\"description\":\"\",\"potentialAction\":[{\"@type\":\"SearchAction\",\"target\":{\"@type\":\"EntryPoint\",\"urlTemplate\":\"https:\\\/\\\/www.interstreambarging.com\\\/de\\\/?s={search_term_string}\"},\"query-input\":{\"@type\":\"PropertyValueSpecification\",\"valueRequired\":true,\"valueName\":\"search_term_string\"}}],\"inLanguage\":\"de\"}]}<\/script>\n<!-- \/ Yoast SEO plugin. -->","yoast_head_json":{"title":"Firmenprofil - Interstream Barging","robots":{"index":"index","follow":"follow","max-snippet":"max-snippet:-1","max-image-preview":"max-image-preview:large","max-video-preview":"max-video-preview:-1"},"canonical":"https:\/\/www.interstreambarging.com\/de\/firmenprofil\/","og_locale":"de_DE","og_type":"article","og_title":"Firmenprofil - Interstream Barging","og_url":"https:\/\/www.interstreambarging.com\/de\/firmenprofil\/","og_site_name":"Interstream Barging","article_modified_time":"2024-03-11T15:28:59+00:00","twitter_card":"summary_large_image","twitter_misc":{"Gesch\u00e4tzte Lesezeit":"3\u00a0Minuten"},"schema":{"@context":"https:\/\/schema.org","@graph":[{"@type":"WebPage","@id":"https:\/\/www.interstreambarging.com\/de\/firmenprofil\/","url":"https:\/\/www.interstreambarging.com\/de\/firmenprofil\/","name":"Firmenprofil - Interstream Barging","isPartOf":{"@id":"https:\/\/www.interstreambarging.com\/de\/#website"},"datePublished":"2017-01-12T17:26:53+00:00","dateModified":"2024-03-11T15:28:59+00:00","breadcrumb":{"@id":"https:\/\/www.interstreambarging.com\/de\/firmenprofil\/#breadcrumb"},"inLanguage":"de","potentialAction":[{"@type":"ReadAction","target":["https:\/\/www.interstreambarging.com\/de\/firmenprofil\/"]}]},{"@type":"BreadcrumbList","@id":"https:\/\/www.interstreambarging.com\/de\/firmenprofil\/#breadcrumb","itemListElement":[{"@type":"ListItem","position":1,"name":"Home","item":"https:\/\/www.interstreambarging.com\/de\/home\/"},{"@type":"ListItem","position":2,"name":"Firmenprofil"}]},{"@type":"WebSite","@id":"https:\/\/www.interstreambarging.com\/de\/#website","url":"https:\/\/www.interstreambarging.com\/de\/","name":"Interstream Barging","description":"","potentialAction":[{"@type":"SearchAction","target":{"@type":"EntryPoint","urlTemplate":"https:\/\/www.interstreambarging.com\/de\/?s={search_term_string}"},"query-input":{"@type":"PropertyValueSpecification","valueRequired":true,"valueName":"search_term_string"}}],"inLanguage":"de"}]}},"acf":[],"_links":{"self":[{"href":"https:\/\/www.interstreambarging.com\/de\/wp-json\/wp\/v2\/pages\/14","targetHints":{"allow":["GET"]}}],"collection":[{"href":"https:\/\/www.interstreambarging.com\/de\/wp-json\/wp\/v2\/pages"}],"about":[{"href":"https:\/\/www.interstreambarging.com\/de\/wp-json\/wp\/v2\/types\/page"}],"author":[{"embeddable":true,"href":"https:\/\/www.interstreambarging.com\/de\/wp-json\/wp\/v2\/users\/1"}],"replies":[{"embeddable":true,"href":"https:\/\/www.interstreambarging.com\/de\/wp-json\/wp\/v2\/comments?post=14"}],"version-history":[{"count":5,"href":"https:\/\/www.interstreambarging.com\/de\/wp-json\/wp\/v2\/pages\/14\/revisions"}],"predecessor-version":[{"id":1814,"href":"https:\/\/www.interstreambarging.com\/de\/wp-json\/wp\/v2\/pages\/14\/revisions\/1814"}],"wp:attachment":[{"href":"https:\/\/www.interstreambarging.com\/de\/wp-json\/wp\/v2\/media?parent=14"}],"curies":[{"name":"wp","href":"https:\/\/api.w.org\/{rel}","templated":true}]}}