{"id":20,"date":"2017-01-12T18:28:05","date_gmt":"2017-01-12T17:28:05","guid":{"rendered":"http:\/\/isb.kwaaidevelop4.nl\/?page_id=20"},"modified":"2021-04-13T13:49:14","modified_gmt":"2021-04-13T12:49:14","slug":"media","status":"publish","type":"page","link":"https:\/\/www.interstreambarging.com\/de\/media\/","title":{"rendered":"Media"},"content":{"rendered":"\n<style type=\"text\/css\" data-created_by=\"avia_inline_auto\" id=\"style-css-av-14gq8-b7ca59741b0bad05850973e014f896ca\">\n.flex_column.av-14gq8-b7ca59741b0bad05850973e014f896ca{\nborder-radius:0px 0px 0px 0px;\npadding:0px 0px 0px 0px;\n}\n<\/style>\n<div  class='flex_column av-14gq8-b7ca59741b0bad05850973e014f896ca av_two_third  avia-builder-el-0  el_before_av_one_third  avia-builder-el-first  first flex_column_div av-zero-column-padding  '     ><section  class='av_textblock_section av-kneiewd2-361068a3a5d43e19228f98b228a3623b '   itemscope=\"itemscope\" itemtype=\"https:\/\/schema.org\/CreativeWork\" ><div class='avia_textblock'  itemprop=\"text\" ><h2><strong>Flottenwechsel ab M\u00e4rz 2021<\/strong><\/h2>\n<p>In Zusammenarbeit mit ISB hat der Eigent\u00fcmer der mts Guadeloupe beschlossen, das Schiff mit einem Bunkermast auszustatten und in einem Segment einzusetzen, in dem ISB derzeit nicht t\u00e4tig ist (Bunkern von Heiz\u00f6l und anderen Schwarzprodukten). Die Guadeloupe wird damit bis auf weiteres aus der ISB CPP-Flotte verschwinden. Damit tr\u00e4gt die ISB zu einem Abbau der derzeitigen \u00dcberkapazit\u00e4ten in diesem Teil des wei\u00dfen Segments bei. Mit 9 Schiffen \u00fcber 5000 dwt sind wir hier jedoch weiterhin stark vertreten. Sp\u00e4ter in diesem Jahr wird die Myriam (135&#215;17,5m, 8500 dwt) unsere Flotte verst\u00e4rken.<\/p>\n<\/div><\/section><\/div>\n<style type=\"text\/css\" data-created_by=\"avia_inline_auto\" id=\"style-css-av-kneif91c-312f89c6050d47969c401314d91e92ce\">\n.flex_column.av-kneif91c-312f89c6050d47969c401314d91e92ce{\nborder-radius:0px 0px 0px 0px;\npadding:50px 0px 0px 0px;\n}\n<\/style>\n<div  class='flex_column av-kneif91c-312f89c6050d47969c401314d91e92ce av_one_third  avia-builder-el-2  el_after_av_two_third  el_before_av_two_third  flex_column_div av-hide-on-mobile  '     ><style type=\"text\/css\" data-created_by=\"avia_inline_auto\" id=\"style-css-av-kneigtun-558b959d7e4a73b1809eb44dd4ab9d44\">\n.avia-image-container.av-kneigtun-558b959d7e4a73b1809eb44dd4ab9d44 img.avia_image{\nbox-shadow:none;\n}\n.avia-image-container.av-kneigtun-558b959d7e4a73b1809eb44dd4ab9d44 .av-image-caption-overlay-center{\ncolor:#ffffff;\n}\n<\/style>\n<div  class='avia-image-container av-kneigtun-558b959d7e4a73b1809eb44dd4ab9d44 av-styling- avia-align-right  avia-builder-el-3  avia-builder-el-no-sibling '   itemprop=\"image\" itemscope=\"itemscope\" itemtype=\"https:\/\/schema.org\/ImageObject\" ><div class=\"avia-image-container-inner\"><div class=\"avia-image-overlay-wrap\"><img decoding=\"async\" fetchpriority=\"high\" class='wp-image-1635 avia-img-lazy-loading-not-1635 avia_image ' src=\"https:\/\/www.interstreambarging.com\/de\/wp-content\/uploads\/sites\/2\/2021\/04\/guadeloupe-300x168.jpg\" alt='' title='guadeloupe'  height=\"168\" width=\"300\"  itemprop=\"thumbnailUrl\" srcset=\"https:\/\/www.interstreambarging.com\/de\/wp-content\/uploads\/sites\/2\/2021\/04\/guadeloupe-300x168.jpg 300w, https:\/\/www.interstreambarging.com\/de\/wp-content\/uploads\/sites\/2\/2021\/04\/guadeloupe-450x252.jpg 450w, https:\/\/www.interstreambarging.com\/de\/wp-content\/uploads\/sites\/2\/2021\/04\/guadeloupe.jpg 570w\" sizes=\"(max-width: 300px) 100vw, 300px\" \/><\/div><\/div><\/div><\/div><\/p>\n\n<style type=\"text\/css\" data-created_by=\"avia_inline_auto\" id=\"style-css-av-51s88-0d328ba30363ba7a9236d475b8cebaa7\">\n.flex_column.av-51s88-0d328ba30363ba7a9236d475b8cebaa7{\nborder-radius:0px 0px 0px 0px;\npadding:0px 0px 0px 0px;\n}\n<\/style>\n<div  class='flex_column av-51s88-0d328ba30363ba7a9236d475b8cebaa7 av_two_third  avia-builder-el-4  el_after_av_one_third  el_before_av_one_third  first flex_column_div av-zero-column-padding  column-top-margin'     ><section  class='av_textblock_section av-4hjiw-166c18fa1b763a0ec97d0b602b126f53 '   itemscope=\"itemscope\" itemtype=\"https:\/\/schema.org\/CreativeWork\" ><div class='avia_textblock'  itemprop=\"text\" ><h2>CFO Frank Bartels<\/h2>\n<p>Frank Bartels ist ab dem 2. Juli 2018 als CFO der Direktion von Interstream Barging beigetreten.<\/p>\n<p>Frank\u2019s Karriere begann im Rechnungswesen. In diesem Bereich\u00a0 hat Frank diverse Unternehmen beraten und auch kontrolliert.<\/p>\n<p>Bereits fr\u00fch erkannte Frank, dass seine Ambitionen weiterreichten.\u00a0 In den vergangenen 20 Jahren hat Frank bei diversen Unternehmen in der Schifffahrt, haupts\u00e4chlich Dienstleistern f\u00fcr grosse Unternehmen in der \u00d6lindustrie, gearbeitet. Ausserdem war Frank 10 Jahre Finanzdirektor bei der VT-Gruppe. Frank verf\u00fcgt \u00fcber vielumfassende Erfahrungen, sowohl im kommerziellen als auch operativen Bereich.<\/p>\n<p>In den letzten zwei Jahren hat Frank als CFO von CMM (Compagnie Maritime Mon\u00e9gasque) die Grundlagen geschaffen um 5 Damen Neubauschiffe Type FC 5009 f\u00fcr \u201coil spil response vessels\u201d f\u00fcr Petrobras in Brasilien einzusetzen.<\/p>\n<p>Die Herausforderung bei Interstream Barging kam f\u00fcr Frank genau zum richtigen Zeitpunkt und schlie\u03b2t gut an seine Kenntnisse und Ambitionen an.<\/p>\n<p>Frank ist verheiratet und hat zwei Kinder, die eine weiterf\u00fchrende Schule in Gorinchem besuchen.<\/p>\n<p>Wir w\u00fcnschen Frank viel Erfolg.<\/p>\n<p>Namens des Aufsichtsrates und der Direktion,<\/p>\n<p>Gertjan van der Sluijs\u00a0\u00a0\u00a0 Marcel de Vos<\/p>\n<\/div><\/section><\/div>\n\n<style type=\"text\/css\" data-created_by=\"avia_inline_auto\" id=\"style-css-av-45kyw-19ece1f8e5edcbecabb8971cb9fb9369\">\n.flex_column.av-45kyw-19ece1f8e5edcbecabb8971cb9fb9369{\nborder-radius:0px 0px 0px 0px;\npadding:0px 0px 0px 0px;\n}\n<\/style>\n<div  class='flex_column av-45kyw-19ece1f8e5edcbecabb8971cb9fb9369 av_one_third  avia-builder-el-6  el_after_av_two_third  el_before_av_hr  flex_column_div av-zero-column-padding  column-top-margin'     ><style type=\"text\/css\" data-created_by=\"avia_inline_auto\" id=\"style-css-av-38z7c-27f40d414a6532cf70459ac0fbac18b5\">\n.avia-image-container.av-38z7c-27f40d414a6532cf70459ac0fbac18b5 img.avia_image{\nbox-shadow:none;\n}\n.avia-image-container.av-38z7c-27f40d414a6532cf70459ac0fbac18b5 .av-image-caption-overlay-center{\ncolor:#ffffff;\n}\n<\/style>\n<div  class='avia-image-container av-38z7c-27f40d414a6532cf70459ac0fbac18b5 av-styling- avia-align-center  avia-builder-el-7  avia-builder-el-no-sibling '   itemprop=\"image\" itemscope=\"itemscope\" itemtype=\"https:\/\/schema.org\/ImageObject\" ><div class=\"avia-image-container-inner\"><div class=\"avia-image-overlay-wrap\"><img decoding=\"async\" fetchpriority=\"high\" class='wp-image-1447 avia-img-lazy-loading-not-1447 avia_image ' src=\"https:\/\/www.interstreambarging.com\/de\/wp-content\/uploads\/sites\/2\/2018\/07\/Frank5-.jpg\" alt='' title='Frank5-'  height=\"300\" width=\"257\"  itemprop=\"thumbnailUrl\"  \/><\/div><\/div><\/div><\/div>\n<div  class='hr av-9w18-1309c40992197a0143f154bea6a86917 hr-default  avia-builder-el-8  el_after_av_one_third  el_before_av_codeblock '><span class='hr-inner '><span class=\"hr-inner-style\"><\/span><\/span><\/div>\n\n\n","protected":false},"excerpt":{"rendered":"","protected":false},"author":1,"featured_media":0,"parent":0,"menu_order":0,"comment_status":"closed","ping_status":"closed","template":"","meta":{"_acf_changed":false,"footnotes":""},"class_list":["post-20","page","type-page","status-publish","hentry"],"yoast_head":"<!-- This site is optimized with the Yoast SEO plugin v27.5 - https:\/\/yoast.com\/product\/yoast-seo-wordpress\/ -->\n<title>Media - Interstream Barging<\/title>\n<meta name=\"robots\" content=\"index, follow, max-snippet:-1, max-image-preview:large, max-video-preview:-1\" \/>\n<link rel=\"canonical\" href=\"https:\/\/www.interstreambarging.com\/de\/media\/\" \/>\n<meta property=\"og:locale\" content=\"de_DE\" \/>\n<meta property=\"og:type\" content=\"article\" \/>\n<meta property=\"og:title\" content=\"Media - Interstream Barging\" \/>\n<meta property=\"og:url\" content=\"https:\/\/www.interstreambarging.com\/de\/media\/\" \/>\n<meta property=\"og:site_name\" content=\"Interstream Barging\" \/>\n<meta property=\"article:modified_time\" content=\"2021-04-13T12:49:14+00:00\" \/>\n<meta name=\"twitter:card\" content=\"summary_large_image\" \/>\n<meta name=\"twitter:label1\" content=\"Gesch\u00e4tzte Lesezeit\" \/>\n\t<meta name=\"twitter:data1\" content=\"4\u00a0Minuten\" \/>\n<script type=\"application\/ld+json\" class=\"yoast-schema-graph\">{\"@context\":\"https:\\\/\\\/schema.org\",\"@graph\":[{\"@type\":\"WebPage\",\"@id\":\"https:\\\/\\\/www.interstreambarging.com\\\/de\\\/media\\\/\",\"url\":\"https:\\\/\\\/www.interstreambarging.com\\\/de\\\/media\\\/\",\"name\":\"Media - Interstream Barging\",\"isPartOf\":{\"@id\":\"https:\\\/\\\/www.interstreambarging.com\\\/de\\\/#website\"},\"datePublished\":\"2017-01-12T17:28:05+00:00\",\"dateModified\":\"2021-04-13T12:49:14+00:00\",\"breadcrumb\":{\"@id\":\"https:\\\/\\\/www.interstreambarging.com\\\/de\\\/media\\\/#breadcrumb\"},\"inLanguage\":\"de\",\"potentialAction\":[{\"@type\":\"ReadAction\",\"target\":[\"https:\\\/\\\/www.interstreambarging.com\\\/de\\\/media\\\/\"]}]},{\"@type\":\"BreadcrumbList\",\"@id\":\"https:\\\/\\\/www.interstreambarging.com\\\/de\\\/media\\\/#breadcrumb\",\"itemListElement\":[{\"@type\":\"ListItem\",\"position\":1,\"name\":\"Home\",\"item\":\"https:\\\/\\\/www.interstreambarging.com\\\/de\\\/home\\\/\"},{\"@type\":\"ListItem\",\"position\":2,\"name\":\"Media\"}]},{\"@type\":\"WebSite\",\"@id\":\"https:\\\/\\\/www.interstreambarging.com\\\/de\\\/#website\",\"url\":\"https:\\\/\\\/www.interstreambarging.com\\\/de\\\/\",\"name\":\"Interstream Barging\",\"description\":\"\",\"potentialAction\":[{\"@type\":\"SearchAction\",\"target\":{\"@type\":\"EntryPoint\",\"urlTemplate\":\"https:\\\/\\\/www.interstreambarging.com\\\/de\\\/?s={search_term_string}\"},\"query-input\":{\"@type\":\"PropertyValueSpecification\",\"valueRequired\":true,\"valueName\":\"search_term_string\"}}],\"inLanguage\":\"de\"}]}<\/script>\n<!-- \/ Yoast SEO plugin. -->","yoast_head_json":{"title":"Media - Interstream Barging","robots":{"index":"index","follow":"follow","max-snippet":"max-snippet:-1","max-image-preview":"max-image-preview:large","max-video-preview":"max-video-preview:-1"},"canonical":"https:\/\/www.interstreambarging.com\/de\/media\/","og_locale":"de_DE","og_type":"article","og_title":"Media - Interstream Barging","og_url":"https:\/\/www.interstreambarging.com\/de\/media\/","og_site_name":"Interstream Barging","article_modified_time":"2021-04-13T12:49:14+00:00","twitter_card":"summary_large_image","twitter_misc":{"Gesch\u00e4tzte Lesezeit":"4\u00a0Minuten"},"schema":{"@context":"https:\/\/schema.org","@graph":[{"@type":"WebPage","@id":"https:\/\/www.interstreambarging.com\/de\/media\/","url":"https:\/\/www.interstreambarging.com\/de\/media\/","name":"Media - Interstream Barging","isPartOf":{"@id":"https:\/\/www.interstreambarging.com\/de\/#website"},"datePublished":"2017-01-12T17:28:05+00:00","dateModified":"2021-04-13T12:49:14+00:00","breadcrumb":{"@id":"https:\/\/www.interstreambarging.com\/de\/media\/#breadcrumb"},"inLanguage":"de","potentialAction":[{"@type":"ReadAction","target":["https:\/\/www.interstreambarging.com\/de\/media\/"]}]},{"@type":"BreadcrumbList","@id":"https:\/\/www.interstreambarging.com\/de\/media\/#breadcrumb","itemListElement":[{"@type":"ListItem","position":1,"name":"Home","item":"https:\/\/www.interstreambarging.com\/de\/home\/"},{"@type":"ListItem","position":2,"name":"Media"}]},{"@type":"WebSite","@id":"https:\/\/www.interstreambarging.com\/de\/#website","url":"https:\/\/www.interstreambarging.com\/de\/","name":"Interstream Barging","description":"","potentialAction":[{"@type":"SearchAction","target":{"@type":"EntryPoint","urlTemplate":"https:\/\/www.interstreambarging.com\/de\/?s={search_term_string}"},"query-input":{"@type":"PropertyValueSpecification","valueRequired":true,"valueName":"search_term_string"}}],"inLanguage":"de"}]}},"acf":[],"_links":{"self":[{"href":"https:\/\/www.interstreambarging.com\/de\/wp-json\/wp\/v2\/pages\/20","targetHints":{"allow":["GET"]}}],"collection":[{"href":"https:\/\/www.interstreambarging.com\/de\/wp-json\/wp\/v2\/pages"}],"about":[{"href":"https:\/\/www.interstreambarging.com\/de\/wp-json\/wp\/v2\/types\/page"}],"author":[{"embeddable":true,"href":"https:\/\/www.interstreambarging.com\/de\/wp-json\/wp\/v2\/users\/1"}],"replies":[{"embeddable":true,"href":"https:\/\/www.interstreambarging.com\/de\/wp-json\/wp\/v2\/comments?post=20"}],"version-history":[{"count":6,"href":"https:\/\/www.interstreambarging.com\/de\/wp-json\/wp\/v2\/pages\/20\/revisions"}],"predecessor-version":[{"id":1639,"href":"https:\/\/www.interstreambarging.com\/de\/wp-json\/wp\/v2\/pages\/20\/revisions\/1639"}],"wp:attachment":[{"href":"https:\/\/www.interstreambarging.com\/de\/wp-json\/wp\/v2\/media?parent=20"}],"curies":[{"name":"wp","href":"https:\/\/api.w.org\/{rel}","templated":true}]}}