{"id":616,"date":"2017-08-07T13:10:26","date_gmt":"2017-08-07T11:10:26","guid":{"rendered":"http:\/\/isb.kwaaidevelop4.nl\/?page_id=616"},"modified":"2024-02-07T10:32:48","modified_gmt":"2024-02-07T09:32:48","slug":"sheq","status":"publish","type":"page","link":"https:\/\/www.interstreambarging.com\/de\/sheq\/","title":{"rendered":"SHEQ"},"content":{"rendered":"\n<style type=\"text\/css\" data-created_by=\"avia_inline_auto\" id=\"style-css-av-euoxk-c572a2423d7ea1b349bddfa4f0b6a2e5\">\n.flex_column.av-euoxk-c572a2423d7ea1b349bddfa4f0b6a2e5{\nborder-radius:0px 0px 0px 0px;\npadding:0px 0px 0px 0px;\n}\n<\/style>\n<div  class='flex_column av-euoxk-c572a2423d7ea1b349bddfa4f0b6a2e5 av_one_full  avia-builder-el-0  avia-builder-el-no-sibling  first flex_column_div av-zero-column-padding  '     ><section  class='av_textblock_section av-890ls-d5690afcf53f44b49418e049be3002f9 '   itemscope=\"itemscope\" itemtype=\"https:\/\/schema.org\/CreativeWork\" ><div class='avia_textblock'  itemprop=\"text\" ><h3><strong>SHEQ<\/strong><\/h3>\n<p>In s\u00e4mtlichen unserer Unternehmensprozesse stehen die Begriffe Safety, Health, Environment &amp; Quality (Abk\u00fcrzung SHEQ) im Mittelpunkt.<\/p>\n<h3><strong>SICHERHEIT &amp; QUALIT\u00c4T<br \/>\n<\/strong><\/h3>\n<p>Wir betrachten Sicherheitsmanagement als einen st\u00e4ndigen Prozess. Darum haben wir ein Team von internen Spezialisten zusammengestellt, die sich unter anderem besch\u00e4ftigen mit:<\/p>\n<ul>\n<li style=\"list-style-type: none;\">\u2022\u00a0\u00a0 \u00a0\u00dcberwachung und Erh\u00f6hung des Sicherheitsniveaus innerhalb des Unternehmens<\/li>\n<li style=\"list-style-type: none;\">\u2022\u00a0\u00a0 \u00a0Inspektionen der Schiffe<\/li>\n<li style=\"list-style-type: none;\">\u2022\u00a0\u00a0 \u00a0Beratung von Auftraggebern, Unternehmern und Besatzungsmitgliedern bez\u00fcglich des sicheren Umschlags und Transports von<\/li>\n<li style=\"list-style-type: none;\">\u2022\u00a0\u00a0 \u00a0Untersuchung von Vorf\u00e4llen und Analyse und Berichterstattung von Vorf\u00e4llen<\/li>\n<li style=\"list-style-type: none;\">\u2022\u00a0\u00a0 \u00a0Streben nach null Vorf\u00e4llen (Beinahe-Unf\u00e4llen)<\/li>\n<\/ul>\n<h3><strong>ISO-ZERTIFIZIERUNG<\/strong><\/h3>\n<p>Interstream Barging ist ISO-zertifiziert. Alle Verfahren, Anweisungen und Meldungen werden in einem automatisierten Qualit\u00e4tssystem erfasst und nachverfolgt. In unserer Flotte wird nur qualifiziertes Personal eingesetzt. Wir halten regelm\u00e4\u00dfig betriebsinterne Schulungen im Bereich Safety, Health &amp; Environment ab.\u00a0<a href=\"https:\/\/www.interstreambarging.com\/wp-content\/uploads\/2024\/02\/0017125-QMS-DEUDE-UKAS.pdf\" target=\"_blank\" rel=\"noopener\">ISO-Zertifikat \u00f6ffnen<\/a><\/p>\n<h3><strong>FACHKENNTNISSE TEILEN<br \/>\n<\/strong><\/h3>\n<p>Mit unseren Fachleuten und ihren Kenntnissen \u00fcber die einschl\u00e4gigen Gesetze, Produkteigenschaften, technischen Innovationen und Entwicklungen auf europ\u00e4ischer Ebene verf\u00fcgen wir \u00fcber ein Kompetenzzentrum im eigenen Haus. Dazu tr\u00e4gt auch die Mitgliedschaft in &#8211; zum Teil internationalen &#8211; Kommissionen und Organisationen im Bereich der Binnenschifffahrt und besonders der Tankschifffahrt bei. Es ist uns ein Anliegen, dieses Know-how mit unseren Kunden und den uns verbundenen Schiffseignern zu teilen.<\/p>\n<h3><strong>NACHHALTIGKEIT<\/strong><\/h3>\n<p>Wir sind der Nachhaltigkeit verpflichtet. Daher z\u00e4hlen f\u00fcr uns nicht nur betriebswirtschaftliche Aspekte, sondern auch die Auswirkungen unserer Gesch\u00e4ftst\u00e4tigkeiten auf den Menschen und die Umwelt. Dabei bedenken wir auch, welche Folgen unser Handeln in der Zukunft hat. Dabei gehen wir immer einen Schritt \u00fcber die gesetzlich vorgeschriebenen Standards hinaus.<\/p>\n<h3><strong>ZERTIFIKATE UND MITGLIEDSCHAFTEN<\/strong><\/h3>\n<p>Als Marktf\u00fchrer sind wir am European Barge Inspection Scheme (EBIS) beteiligt. Au\u00dferdem sind wir in der European Skippers Organisation (ESO), der Plattform Zero Incidents (PZI) und der Binnenvaart Logistiek Nederland vertreten. Wir vertreten die internationale Binnenschifffahrt zudem beim Safety Committee des ADN in Genf. Bei diesen Instanzen sind wir f\u00fcr neue Gesetzes- und Rechtsvorschriften mitbestimmend.<\/p>\n<h3>LEBENSMITTELSICHERHEIT<\/h3>\n<p>Die Lebensmittelsicherheit steht bei Interstream Barging Vegoil im Mittelpunkt.<br \/>\nUnsere Arbeitsprozesse sind auf die Anforderungen der Industrie, GMP +, und auf den Hygienekodex der Binnenschifffahrt ausgerichtet.<\/p>\n<\/div><\/section><\/div>\n","protected":false},"excerpt":{"rendered":"","protected":false},"author":1,"featured_media":0,"parent":0,"menu_order":0,"comment_status":"closed","ping_status":"closed","template":"","meta":{"_acf_changed":false,"footnotes":""},"class_list":["post-616","page","type-page","status-publish","hentry"],"yoast_head":"<!-- This site is optimized with the Yoast SEO plugin v27.5 - https:\/\/yoast.com\/product\/yoast-seo-wordpress\/ -->\n<title>SHEQ - Interstream Barging<\/title>\n<meta name=\"robots\" content=\"index, follow, max-snippet:-1, max-image-preview:large, max-video-preview:-1\" \/>\n<link rel=\"canonical\" href=\"https:\/\/www.interstreambarging.com\/de\/sheq\/\" \/>\n<meta property=\"og:locale\" content=\"de_DE\" \/>\n<meta property=\"og:type\" content=\"article\" \/>\n<meta property=\"og:title\" content=\"SHEQ - Interstream Barging\" \/>\n<meta property=\"og:url\" content=\"https:\/\/www.interstreambarging.com\/de\/sheq\/\" \/>\n<meta property=\"og:site_name\" content=\"Interstream Barging\" \/>\n<meta property=\"article:modified_time\" content=\"2024-02-07T09:32:48+00:00\" \/>\n<meta name=\"twitter:card\" content=\"summary_large_image\" \/>\n<meta name=\"twitter:label1\" content=\"Gesch\u00e4tzte Lesezeit\" \/>\n\t<meta name=\"twitter:data1\" content=\"2\u00a0Minuten\" \/>\n<script type=\"application\/ld+json\" class=\"yoast-schema-graph\">{\"@context\":\"https:\\\/\\\/schema.org\",\"@graph\":[{\"@type\":\"WebPage\",\"@id\":\"https:\\\/\\\/www.interstreambarging.com\\\/de\\\/sheq\\\/\",\"url\":\"https:\\\/\\\/www.interstreambarging.com\\\/de\\\/sheq\\\/\",\"name\":\"SHEQ - Interstream Barging\",\"isPartOf\":{\"@id\":\"https:\\\/\\\/www.interstreambarging.com\\\/de\\\/#website\"},\"datePublished\":\"2017-08-07T11:10:26+00:00\",\"dateModified\":\"2024-02-07T09:32:48+00:00\",\"breadcrumb\":{\"@id\":\"https:\\\/\\\/www.interstreambarging.com\\\/de\\\/sheq\\\/#breadcrumb\"},\"inLanguage\":\"de\",\"potentialAction\":[{\"@type\":\"ReadAction\",\"target\":[\"https:\\\/\\\/www.interstreambarging.com\\\/de\\\/sheq\\\/\"]}]},{\"@type\":\"BreadcrumbList\",\"@id\":\"https:\\\/\\\/www.interstreambarging.com\\\/de\\\/sheq\\\/#breadcrumb\",\"itemListElement\":[{\"@type\":\"ListItem\",\"position\":1,\"name\":\"Home\",\"item\":\"https:\\\/\\\/www.interstreambarging.com\\\/de\\\/home\\\/\"},{\"@type\":\"ListItem\",\"position\":2,\"name\":\"SHEQ\"}]},{\"@type\":\"WebSite\",\"@id\":\"https:\\\/\\\/www.interstreambarging.com\\\/de\\\/#website\",\"url\":\"https:\\\/\\\/www.interstreambarging.com\\\/de\\\/\",\"name\":\"Interstream Barging\",\"description\":\"\",\"potentialAction\":[{\"@type\":\"SearchAction\",\"target\":{\"@type\":\"EntryPoint\",\"urlTemplate\":\"https:\\\/\\\/www.interstreambarging.com\\\/de\\\/?s={search_term_string}\"},\"query-input\":{\"@type\":\"PropertyValueSpecification\",\"valueRequired\":true,\"valueName\":\"search_term_string\"}}],\"inLanguage\":\"de\"}]}<\/script>\n<!-- \/ Yoast SEO plugin. -->","yoast_head_json":{"title":"SHEQ - Interstream Barging","robots":{"index":"index","follow":"follow","max-snippet":"max-snippet:-1","max-image-preview":"max-image-preview:large","max-video-preview":"max-video-preview:-1"},"canonical":"https:\/\/www.interstreambarging.com\/de\/sheq\/","og_locale":"de_DE","og_type":"article","og_title":"SHEQ - Interstream Barging","og_url":"https:\/\/www.interstreambarging.com\/de\/sheq\/","og_site_name":"Interstream Barging","article_modified_time":"2024-02-07T09:32:48+00:00","twitter_card":"summary_large_image","twitter_misc":{"Gesch\u00e4tzte Lesezeit":"2\u00a0Minuten"},"schema":{"@context":"https:\/\/schema.org","@graph":[{"@type":"WebPage","@id":"https:\/\/www.interstreambarging.com\/de\/sheq\/","url":"https:\/\/www.interstreambarging.com\/de\/sheq\/","name":"SHEQ - Interstream Barging","isPartOf":{"@id":"https:\/\/www.interstreambarging.com\/de\/#website"},"datePublished":"2017-08-07T11:10:26+00:00","dateModified":"2024-02-07T09:32:48+00:00","breadcrumb":{"@id":"https:\/\/www.interstreambarging.com\/de\/sheq\/#breadcrumb"},"inLanguage":"de","potentialAction":[{"@type":"ReadAction","target":["https:\/\/www.interstreambarging.com\/de\/sheq\/"]}]},{"@type":"BreadcrumbList","@id":"https:\/\/www.interstreambarging.com\/de\/sheq\/#breadcrumb","itemListElement":[{"@type":"ListItem","position":1,"name":"Home","item":"https:\/\/www.interstreambarging.com\/de\/home\/"},{"@type":"ListItem","position":2,"name":"SHEQ"}]},{"@type":"WebSite","@id":"https:\/\/www.interstreambarging.com\/de\/#website","url":"https:\/\/www.interstreambarging.com\/de\/","name":"Interstream Barging","description":"","potentialAction":[{"@type":"SearchAction","target":{"@type":"EntryPoint","urlTemplate":"https:\/\/www.interstreambarging.com\/de\/?s={search_term_string}"},"query-input":{"@type":"PropertyValueSpecification","valueRequired":true,"valueName":"search_term_string"}}],"inLanguage":"de"}]}},"acf":[],"_links":{"self":[{"href":"https:\/\/www.interstreambarging.com\/de\/wp-json\/wp\/v2\/pages\/616","targetHints":{"allow":["GET"]}}],"collection":[{"href":"https:\/\/www.interstreambarging.com\/de\/wp-json\/wp\/v2\/pages"}],"about":[{"href":"https:\/\/www.interstreambarging.com\/de\/wp-json\/wp\/v2\/types\/page"}],"author":[{"embeddable":true,"href":"https:\/\/www.interstreambarging.com\/de\/wp-json\/wp\/v2\/users\/1"}],"replies":[{"embeddable":true,"href":"https:\/\/www.interstreambarging.com\/de\/wp-json\/wp\/v2\/comments?post=616"}],"version-history":[{"count":3,"href":"https:\/\/www.interstreambarging.com\/de\/wp-json\/wp\/v2\/pages\/616\/revisions"}],"predecessor-version":[{"id":1786,"href":"https:\/\/www.interstreambarging.com\/de\/wp-json\/wp\/v2\/pages\/616\/revisions\/1786"}],"wp:attachment":[{"href":"https:\/\/www.interstreambarging.com\/de\/wp-json\/wp\/v2\/media?parent=616"}],"curies":[{"name":"wp","href":"https:\/\/api.w.org\/{rel}","templated":true}]}}