{"id":653,"date":"2017-08-14T08:47:48","date_gmt":"2017-08-14T06:47:48","guid":{"rendered":"http:\/\/isb.kwaaidevelop4.nl\/?page_id=653"},"modified":"2017-10-24T14:53:43","modified_gmt":"2017-10-24T13:53:43","slug":"mission-vision","status":"publish","type":"page","link":"https:\/\/www.interstreambarging.com\/de\/mission-vision\/","title":{"rendered":"Mission &amp; Vision"},"content":{"rendered":"\n<style type=\"text\/css\" data-created_by=\"avia_inline_auto\" id=\"style-css-av-av_one_full-6126cab7d8fab8d08143dd2dacdf673c\">\n.flex_column.av-av_one_full-6126cab7d8fab8d08143dd2dacdf673c{\nborder-radius:0px 0px 0px 0px;\npadding:0px 0px 0px 0px;\n}\n<\/style>\n<div  class='flex_column av-av_one_full-6126cab7d8fab8d08143dd2dacdf673c av_one_full  avia-builder-el-0  avia-builder-el-no-sibling  first flex_column_div av-zero-column-padding  '     ><section  class='av_textblock_section av-av_textblock-0366cc7376be6c9e82a3e9cc8987b64f '   itemscope=\"itemscope\" itemtype=\"https:\/\/schema.org\/CreativeWork\" ><div class='avia_textblock'  itemprop=\"text\" ><h3>Nach dem WAS\/WIE\/WARUM-Prinzip:<\/h3>\n<p><strong>WAS:<\/strong> WOF\u00dcR SETZEN WIR UNS EIN?<br \/>\nIn Europa bieten wir Transportdienstleistungen f\u00fcr fl\u00fcssige Masseng\u00fcter mit einer sehr hohen Liefersicherheit an, wobei Innovation und fortschrittliche Technologie von wesentlicher Bedeutung sind. Dies ist unter anderem durch eine qualitativ hochwertige Flotte m\u00f6glich, die aus eigener Reederei und aus Schiffen von privaten Eigent\u00fcmern besteht.<\/p>\n<p><strong>WIE:<\/strong> WIE MACHEN WIR DAS?<br \/>\nUnsere verl\u00e4sslichen Dienstleistungen realisieren wir mit sehr gut ausgebildeten, fachkundigen Mitarbeitern, die mit einer flexiblen und kundenorientierten Einstellung die Probleme unserer Kunden l\u00f6sen.<\/p>\n<p><strong>WARUM:<\/strong> WOF\u00dcR STEHEN WIR?<br \/>\nSchiffe und Schifffahrts-Logistik sind unsere Leidenschaft. Sicherheit ist dabei von wesentlicher Bedeutung. Wir verbinden unsere Partner in der Lieferkette mit maximalem Umfang und \u00fcbernehmen Dienstleistungen f\u00fcr sie. Dabei streben wir professionelle Partnerschaften an<\/p>\n<h3>Unsere Kernwerte sind:<\/h3>\n<p><strong><u>Sicher<\/u><br \/>\n<\/strong><\/p>\n<p>Unsere F\u00e4higkeit, Leistungen sachkundig zu planen und so auszuf\u00fchren, dass keine direkte oder indirekte Gefahr f\u00fcr die Gesundheit und Umwelt von uns und unseren Mitmenschen besteht.<\/p>\n<p><strong><u>Professionell<\/u><\/strong><\/p>\n<p>Unsere F\u00e4higkeit, stets die gew\u00fcnschten Dienstleistungen zu erbringen und dabei auch immer die Reputation der Organisation im Auge zu behalten.<\/p>\n<p><span style=\"text-decoration: underline;\"><strong>L\u00f6sungsorientiert<\/strong><\/span><\/p>\n<p>Unsere F\u00e4higkeit, individuell oder zusammen mit anderen, auftretende Probleme zu\u00a0 erkennen und\u00a0 umsetzbare L\u00f6sungen zu finden.<\/p>\n<p><span style=\"text-decoration: underline;\"><strong>1 ISB<\/strong><\/span><\/p>\n<p>Unsere F\u00e4higkeit, Pl\u00e4ne zu erstellen und nach diesen zu handeln sowie die Erfahrung und Meinung von anderen mit einzubeziehen und dabei die W\u00fcnsche der Organisation voran zu stellen<\/p>\n<\/div><\/section><\/div>\n","protected":false},"excerpt":{"rendered":"","protected":false},"author":1,"featured_media":0,"parent":0,"menu_order":0,"comment_status":"closed","ping_status":"closed","template":"","meta":{"_acf_changed":false,"footnotes":""},"class_list":["post-653","page","type-page","status-publish","hentry"],"yoast_head":"<!-- This site is optimized with the Yoast SEO plugin v27.5 - https:\/\/yoast.com\/product\/yoast-seo-wordpress\/ -->\n<title>Mission &amp; Vision - Interstream Barging<\/title>\n<meta name=\"robots\" content=\"index, follow, max-snippet:-1, max-image-preview:large, max-video-preview:-1\" \/>\n<link rel=\"canonical\" href=\"https:\/\/www.interstreambarging.com\/de\/mission-vision\/\" \/>\n<meta property=\"og:locale\" content=\"de_DE\" \/>\n<meta property=\"og:type\" content=\"article\" \/>\n<meta property=\"og:title\" content=\"Mission &amp; Vision - Interstream Barging\" \/>\n<meta property=\"og:url\" content=\"https:\/\/www.interstreambarging.com\/de\/mission-vision\/\" \/>\n<meta property=\"og:site_name\" content=\"Interstream Barging\" \/>\n<meta property=\"article:modified_time\" content=\"2017-10-24T13:53:43+00:00\" \/>\n<meta name=\"twitter:card\" content=\"summary_large_image\" \/>\n<meta name=\"twitter:label1\" content=\"Gesch\u00e4tzte Lesezeit\" \/>\n\t<meta name=\"twitter:data1\" content=\"1\u00a0Minute\" \/>\n<script type=\"application\/ld+json\" class=\"yoast-schema-graph\">{\"@context\":\"https:\\\/\\\/schema.org\",\"@graph\":[{\"@type\":\"WebPage\",\"@id\":\"https:\\\/\\\/www.interstreambarging.com\\\/de\\\/mission-vision\\\/\",\"url\":\"https:\\\/\\\/www.interstreambarging.com\\\/de\\\/mission-vision\\\/\",\"name\":\"Mission &amp; Vision - Interstream Barging\",\"isPartOf\":{\"@id\":\"https:\\\/\\\/www.interstreambarging.com\\\/de\\\/#website\"},\"datePublished\":\"2017-08-14T06:47:48+00:00\",\"dateModified\":\"2017-10-24T13:53:43+00:00\",\"breadcrumb\":{\"@id\":\"https:\\\/\\\/www.interstreambarging.com\\\/de\\\/mission-vision\\\/#breadcrumb\"},\"inLanguage\":\"de\",\"potentialAction\":[{\"@type\":\"ReadAction\",\"target\":[\"https:\\\/\\\/www.interstreambarging.com\\\/de\\\/mission-vision\\\/\"]}]},{\"@type\":\"BreadcrumbList\",\"@id\":\"https:\\\/\\\/www.interstreambarging.com\\\/de\\\/mission-vision\\\/#breadcrumb\",\"itemListElement\":[{\"@type\":\"ListItem\",\"position\":1,\"name\":\"Home\",\"item\":\"https:\\\/\\\/www.interstreambarging.com\\\/de\\\/home\\\/\"},{\"@type\":\"ListItem\",\"position\":2,\"name\":\"Mission &amp; Vision\"}]},{\"@type\":\"WebSite\",\"@id\":\"https:\\\/\\\/www.interstreambarging.com\\\/de\\\/#website\",\"url\":\"https:\\\/\\\/www.interstreambarging.com\\\/de\\\/\",\"name\":\"Interstream Barging\",\"description\":\"\",\"potentialAction\":[{\"@type\":\"SearchAction\",\"target\":{\"@type\":\"EntryPoint\",\"urlTemplate\":\"https:\\\/\\\/www.interstreambarging.com\\\/de\\\/?s={search_term_string}\"},\"query-input\":{\"@type\":\"PropertyValueSpecification\",\"valueRequired\":true,\"valueName\":\"search_term_string\"}}],\"inLanguage\":\"de\"}]}<\/script>\n<!-- \/ Yoast SEO plugin. -->","yoast_head_json":{"title":"Mission &amp; Vision - Interstream Barging","robots":{"index":"index","follow":"follow","max-snippet":"max-snippet:-1","max-image-preview":"max-image-preview:large","max-video-preview":"max-video-preview:-1"},"canonical":"https:\/\/www.interstreambarging.com\/de\/mission-vision\/","og_locale":"de_DE","og_type":"article","og_title":"Mission &amp; Vision - Interstream Barging","og_url":"https:\/\/www.interstreambarging.com\/de\/mission-vision\/","og_site_name":"Interstream Barging","article_modified_time":"2017-10-24T13:53:43+00:00","twitter_card":"summary_large_image","twitter_misc":{"Gesch\u00e4tzte Lesezeit":"1\u00a0Minute"},"schema":{"@context":"https:\/\/schema.org","@graph":[{"@type":"WebPage","@id":"https:\/\/www.interstreambarging.com\/de\/mission-vision\/","url":"https:\/\/www.interstreambarging.com\/de\/mission-vision\/","name":"Mission &amp; Vision - Interstream Barging","isPartOf":{"@id":"https:\/\/www.interstreambarging.com\/de\/#website"},"datePublished":"2017-08-14T06:47:48+00:00","dateModified":"2017-10-24T13:53:43+00:00","breadcrumb":{"@id":"https:\/\/www.interstreambarging.com\/de\/mission-vision\/#breadcrumb"},"inLanguage":"de","potentialAction":[{"@type":"ReadAction","target":["https:\/\/www.interstreambarging.com\/de\/mission-vision\/"]}]},{"@type":"BreadcrumbList","@id":"https:\/\/www.interstreambarging.com\/de\/mission-vision\/#breadcrumb","itemListElement":[{"@type":"ListItem","position":1,"name":"Home","item":"https:\/\/www.interstreambarging.com\/de\/home\/"},{"@type":"ListItem","position":2,"name":"Mission &amp; Vision"}]},{"@type":"WebSite","@id":"https:\/\/www.interstreambarging.com\/de\/#website","url":"https:\/\/www.interstreambarging.com\/de\/","name":"Interstream Barging","description":"","potentialAction":[{"@type":"SearchAction","target":{"@type":"EntryPoint","urlTemplate":"https:\/\/www.interstreambarging.com\/de\/?s={search_term_string}"},"query-input":{"@type":"PropertyValueSpecification","valueRequired":true,"valueName":"search_term_string"}}],"inLanguage":"de"}]}},"acf":[],"_links":{"self":[{"href":"https:\/\/www.interstreambarging.com\/de\/wp-json\/wp\/v2\/pages\/653","targetHints":{"allow":["GET"]}}],"collection":[{"href":"https:\/\/www.interstreambarging.com\/de\/wp-json\/wp\/v2\/pages"}],"about":[{"href":"https:\/\/www.interstreambarging.com\/de\/wp-json\/wp\/v2\/types\/page"}],"author":[{"embeddable":true,"href":"https:\/\/www.interstreambarging.com\/de\/wp-json\/wp\/v2\/users\/1"}],"replies":[{"embeddable":true,"href":"https:\/\/www.interstreambarging.com\/de\/wp-json\/wp\/v2\/comments?post=653"}],"version-history":[{"count":0,"href":"https:\/\/www.interstreambarging.com\/de\/wp-json\/wp\/v2\/pages\/653\/revisions"}],"wp:attachment":[{"href":"https:\/\/www.interstreambarging.com\/de\/wp-json\/wp\/v2\/media?parent=653"}],"curies":[{"name":"wp","href":"https:\/\/api.w.org\/{rel}","templated":true}]}}